{"id":37154,"date":"2026-01-26T14:33:29","date_gmt":"2026-01-26T12:33:29","guid":{"rendered":"https:\/\/www.lgsonic.com\/?page_id=37154"},"modified":"2026-01-27T18:14:23","modified_gmt":"2026-01-27T16:14:23","slug":"proliferacoes-de-algas-webinar","status":"publish","type":"page","link":"https:\/\/www.lgsonic.com\/pt-br\/proliferacoes-de-algas-webinar\/","title":{"rendered":"LP \u2013 PT webinar #1 2026"},"content":{"rendered":"","protected":false},"excerpt":{"rendered":"","protected":false},"author":16,"featured_media":37158,"parent":0,"menu_order":0,"comment_status":"closed","ping_status":"closed","template":"","meta":{"_acf_changed":false,"inline_featured_image":false,"footnotes":""},"acf":[],"yoast_head":"<!-- This site is optimized with the Yoast SEO plugin v22.6 - https:\/\/yoast.com\/wordpress\/plugins\/seo\/ -->\n<title>Prolifera\u00e7\u00f5es de Algas | Webinar Gratuito<\/title>\n<meta name=\"description\" content=\"Participe do webinar sobre prolifera\u00e7\u00f5es de algas e aprenda como prevenir impactos na qualidade da \u00e1gua por meio de estrat\u00e9gias cient\u00edficas.\" \/>\n<meta name=\"robots\" content=\"index, follow, max-snippet:-1, max-image-preview:large, max-video-preview:-1\" \/>\n<link rel=\"canonical\" href=\"https:\/\/www.lgsonic.com\/pt-br\/proliferacoes-de-algas-webinar\/\" \/>\n<meta property=\"og:locale\" content=\"pt_BR\" \/>\n<meta property=\"og:type\" content=\"article\" \/>\n<meta property=\"og:title\" content=\"Webinar: Compreendendo a prolifera\u00e7\u00e3o de algas\" \/>\n<meta property=\"og:description\" content=\"Compreenda os tipos de prolifera\u00e7\u00e3o de algas, seu impacto nos seres humanos e no meio ambiente e tecnologias para elimin\u00e1-las.\" \/>\n<meta property=\"og:url\" content=\"https:\/\/www.lgsonic.com\/pt-br\/proliferacoes-de-algas-webinar\/\" \/>\n<meta property=\"og:site_name\" content=\"LG Sonic\" \/>\n<meta property=\"article:publisher\" content=\"https:\/\/www.facebook.com\/lgsonicbv\/\" \/>\n<meta property=\"article:modified_time\" content=\"2026-01-27T16:14:23+00:00\" \/>\n<meta property=\"og:image\" content=\"https:\/\/www.lgsonic.com\/wp-content\/uploads\/lgsonic-open-graph.jpg\" \/>\n\t<meta property=\"og:image:width\" content=\"1200\" \/>\n\t<meta property=\"og:image:height\" content=\"630\" \/>\n\t<meta property=\"og:image:type\" content=\"image\/jpeg\" \/>\n<meta name=\"twitter:card\" content=\"summary_large_image\" \/>\n<meta name=\"twitter:title\" content=\"Webinario: Entendiendo los Florecimientos Algales\" \/>\n<meta name=\"twitter:description\" content=\"Comprenda los tipos de floraciones algales, su impacto en humanos y el medio ambiente, y las tecnolog\u00edas para eliminarlas.\" \/>\n<meta name=\"twitter:image\" content=\"https:\/\/www.lgsonic.com\/wp-content\/uploads\/Untitled-design-5.jpg\" \/>\n<meta name=\"twitter:site\" content=\"@lgsonic_nl\" \/>\n<meta name=\"twitter:label1\" content=\"Est. tempo de leitura\" \/>\n\t<meta name=\"twitter:data1\" content=\"3 minutos\" \/>\n<script type=\"application\/ld+json\" class=\"yoast-schema-graph\">{\"@context\":\"https:\/\/schema.org\",\"@graph\":[{\"@type\":\"WebPage\",\"@id\":\"https:\/\/www.lgsonic.com\/pt-br\/proliferacoes-de-algas-webinar\/\",\"url\":\"https:\/\/www.lgsonic.com\/pt-br\/proliferacoes-de-algas-webinar\/\",\"name\":\"Prolifera\u00e7\u00f5es de Algas | Webinar Gratuito\",\"isPartOf\":{\"@id\":\"https:\/\/www.lgsonic.com\/#website\"},\"primaryImageOfPage\":{\"@id\":\"https:\/\/www.lgsonic.com\/pt-br\/proliferacoes-de-algas-webinar\/#primaryimage\"},\"image\":{\"@id\":\"https:\/\/www.lgsonic.com\/pt-br\/proliferacoes-de-algas-webinar\/#primaryimage\"},\"thumbnailUrl\":\"\/wp-content\/uploads\/Webinar-1-2026-FB-adset.png\",\"datePublished\":\"2026-01-26T12:33:29+00:00\",\"dateModified\":\"2026-01-27T16:14:23+00:00\",\"description\":\"Participe do webinar sobre prolifera\u00e7\u00f5es de algas e aprenda como prevenir impactos na qualidade da \u00e1gua por meio de estrat\u00e9gias cient\u00edficas.\",\"breadcrumb\":{\"@id\":\"https:\/\/www.lgsonic.com\/pt-br\/proliferacoes-de-algas-webinar\/#breadcrumb\"},\"inLanguage\":\"pt-BR\",\"potentialAction\":[{\"@type\":\"ReadAction\",\"target\":[\"https:\/\/www.lgsonic.com\/pt-br\/proliferacoes-de-algas-webinar\/\"]}]},{\"@type\":\"ImageObject\",\"inLanguage\":\"pt-BR\",\"@id\":\"https:\/\/www.lgsonic.com\/pt-br\/proliferacoes-de-algas-webinar\/#primaryimage\",\"url\":\"\/wp-content\/uploads\/Webinar-1-2026-FB-adset.png\",\"contentUrl\":\"\/wp-content\/uploads\/Webinar-1-2026-FB-adset.png\",\"width\":1080,\"height\":1080,\"caption\":\"prolifera\u00e7\u00f5es de algas em \u00e1guas superficiais webinar\"},{\"@type\":\"BreadcrumbList\",\"@id\":\"https:\/\/www.lgsonic.com\/pt-br\/proliferacoes-de-algas-webinar\/#breadcrumb\",\"itemListElement\":[{\"@type\":\"ListItem\",\"position\":1,\"name\":\"Home\",\"item\":\"https:\/\/www.lgsonic.com\/pt-br\/\"},{\"@type\":\"ListItem\",\"position\":2,\"name\":\"LP \u2013 PT webinar #1 2026\"}]},{\"@type\":\"WebSite\",\"@id\":\"https:\/\/www.lgsonic.com\/#website\",\"url\":\"https:\/\/www.lgsonic.com\/\",\"name\":\"www.lgsonic.com\",\"description\":\"Chemical-Free Algae Control\",\"publisher\":{\"@id\":\"https:\/\/www.lgsonic.com\/#organization\"},\"potentialAction\":[{\"@type\":\"SearchAction\",\"target\":{\"@type\":\"EntryPoint\",\"urlTemplate\":\"https:\/\/www.lgsonic.com\/?s={search_term_string}\"},\"query-input\":\"required name=search_term_string\"}],\"inLanguage\":\"pt-BR\"},{\"@type\":\"Organization\",\"@id\":\"https:\/\/www.lgsonic.com\/#organization\",\"name\":\"LG Sonic\",\"url\":\"https:\/\/www.lgsonic.com\/\",\"logo\":{\"@type\":\"ImageObject\",\"inLanguage\":\"pt-BR\",\"@id\":\"https:\/\/www.lgsonic.com\/#\/schema\/logo\/image\/\",\"url\":\"\/wp-content\/uploads\/Vector-Smart-Object.png\",\"contentUrl\":\"\/wp-content\/uploads\/Vector-Smart-Object.png\",\"width\":2560,\"height\":645,\"caption\":\"LG Sonic\"},\"image\":{\"@id\":\"https:\/\/www.lgsonic.com\/#\/schema\/logo\/image\/\"},\"sameAs\":[\"https:\/\/www.facebook.com\/lgsonicbv\/\",\"https:\/\/x.com\/lgsonic_nl\",\"https:\/\/www.instagram.com\/algaemanagement\/\",\"https:\/\/www.linkedin.com\/company\/lg-sonic\/\",\"https:\/\/www.youtube.com\/c\/Lgsonic\/\"]}]}<\/script>\n<!-- \/ Yoast SEO plugin. -->","yoast_head_json":{"title":"Prolifera\u00e7\u00f5es de Algas | Webinar Gratuito","description":"Participe do webinar sobre prolifera\u00e7\u00f5es de algas e aprenda como prevenir impactos na qualidade da \u00e1gua por meio de estrat\u00e9gias cient\u00edficas.","robots":{"index":"index","follow":"follow","max-snippet":"max-snippet:-1","max-image-preview":"max-image-preview:large","max-video-preview":"max-video-preview:-1"},"canonical":"https:\/\/www.lgsonic.com\/pt-br\/proliferacoes-de-algas-webinar\/","og_locale":"pt_BR","og_type":"article","og_title":"Webinar: Compreendendo a prolifera\u00e7\u00e3o de algas","og_description":"Compreenda os tipos de prolifera\u00e7\u00e3o de algas, seu impacto nos seres humanos e no meio ambiente e tecnologias para elimin\u00e1-las.","og_url":"https:\/\/www.lgsonic.com\/pt-br\/proliferacoes-de-algas-webinar\/","og_site_name":"LG Sonic","article_publisher":"https:\/\/www.facebook.com\/lgsonicbv\/","article_modified_time":"2026-01-27T16:14:23+00:00","og_image":[{"width":1200,"height":630,"url":"https:\/\/www.lgsonic.com\/wp-content\/uploads\/lgsonic-open-graph.jpg","type":"image\/jpeg"}],"twitter_card":"summary_large_image","twitter_title":"Webinario: Entendiendo los Florecimientos Algales","twitter_description":"Comprenda los tipos de floraciones algales, su impacto en humanos y el medio ambiente, y las tecnolog\u00edas para eliminarlas.","twitter_image":"https:\/\/www.lgsonic.com\/wp-content\/uploads\/Untitled-design-5.jpg","twitter_site":"@lgsonic_nl","twitter_misc":{"Est. tempo de leitura":"3 minutos"},"schema":{"@context":"https:\/\/schema.org","@graph":[{"@type":"WebPage","@id":"https:\/\/www.lgsonic.com\/pt-br\/proliferacoes-de-algas-webinar\/","url":"https:\/\/www.lgsonic.com\/pt-br\/proliferacoes-de-algas-webinar\/","name":"Prolifera\u00e7\u00f5es de Algas | Webinar Gratuito","isPartOf":{"@id":"https:\/\/www.lgsonic.com\/#website"},"primaryImageOfPage":{"@id":"https:\/\/www.lgsonic.com\/pt-br\/proliferacoes-de-algas-webinar\/#primaryimage"},"image":{"@id":"https:\/\/www.lgsonic.com\/pt-br\/proliferacoes-de-algas-webinar\/#primaryimage"},"thumbnailUrl":"\/wp-content\/uploads\/Webinar-1-2026-FB-adset.png","datePublished":"2026-01-26T12:33:29+00:00","dateModified":"2026-01-27T16:14:23+00:00","description":"Participe do webinar sobre prolifera\u00e7\u00f5es de algas e aprenda como prevenir impactos na qualidade da \u00e1gua por meio de estrat\u00e9gias cient\u00edficas.","breadcrumb":{"@id":"https:\/\/www.lgsonic.com\/pt-br\/proliferacoes-de-algas-webinar\/#breadcrumb"},"inLanguage":"pt-BR","potentialAction":[{"@type":"ReadAction","target":["https:\/\/www.lgsonic.com\/pt-br\/proliferacoes-de-algas-webinar\/"]}]},{"@type":"ImageObject","inLanguage":"pt-BR","@id":"https:\/\/www.lgsonic.com\/pt-br\/proliferacoes-de-algas-webinar\/#primaryimage","url":"\/wp-content\/uploads\/Webinar-1-2026-FB-adset.png","contentUrl":"\/wp-content\/uploads\/Webinar-1-2026-FB-adset.png","width":1080,"height":1080,"caption":"prolifera\u00e7\u00f5es de algas em \u00e1guas superficiais webinar"},{"@type":"BreadcrumbList","@id":"https:\/\/www.lgsonic.com\/pt-br\/proliferacoes-de-algas-webinar\/#breadcrumb","itemListElement":[{"@type":"ListItem","position":1,"name":"Home","item":"https:\/\/www.lgsonic.com\/pt-br\/"},{"@type":"ListItem","position":2,"name":"LP \u2013 PT webinar #1 2026"}]},{"@type":"WebSite","@id":"https:\/\/www.lgsonic.com\/#website","url":"https:\/\/www.lgsonic.com\/","name":"www.lgsonic.com","description":"Chemical-Free Algae Control","publisher":{"@id":"https:\/\/www.lgsonic.com\/#organization"},"potentialAction":[{"@type":"SearchAction","target":{"@type":"EntryPoint","urlTemplate":"https:\/\/www.lgsonic.com\/?s={search_term_string}"},"query-input":"required name=search_term_string"}],"inLanguage":"pt-BR"},{"@type":"Organization","@id":"https:\/\/www.lgsonic.com\/#organization","name":"LG Sonic","url":"https:\/\/www.lgsonic.com\/","logo":{"@type":"ImageObject","inLanguage":"pt-BR","@id":"https:\/\/www.lgsonic.com\/#\/schema\/logo\/image\/","url":"\/wp-content\/uploads\/Vector-Smart-Object.png","contentUrl":"\/wp-content\/uploads\/Vector-Smart-Object.png","width":2560,"height":645,"caption":"LG Sonic"},"image":{"@id":"https:\/\/www.lgsonic.com\/#\/schema\/logo\/image\/"},"sameAs":["https:\/\/www.facebook.com\/lgsonicbv\/","https:\/\/x.com\/lgsonic_nl","https:\/\/www.instagram.com\/algaemanagement\/","https:\/\/www.linkedin.com\/company\/lg-sonic\/","https:\/\/www.youtube.com\/c\/Lgsonic\/"]}]}},"_links":{"self":[{"href":"https:\/\/www.lgsonic.com\/pt-br\/wp-json\/wp\/v2\/pages\/37154"}],"collection":[{"href":"https:\/\/www.lgsonic.com\/pt-br\/wp-json\/wp\/v2\/pages"}],"about":[{"href":"https:\/\/www.lgsonic.com\/pt-br\/wp-json\/wp\/v2\/types\/page"}],"author":[{"embeddable":true,"href":"https:\/\/www.lgsonic.com\/pt-br\/wp-json\/wp\/v2\/users\/16"}],"replies":[{"embeddable":true,"href":"https:\/\/www.lgsonic.com\/pt-br\/wp-json\/wp\/v2\/comments?post=37154"}],"version-history":[{"count":0,"href":"https:\/\/www.lgsonic.com\/pt-br\/wp-json\/wp\/v2\/pages\/37154\/revisions"}],"wp:featuredmedia":[{"embeddable":true,"href":"https:\/\/www.lgsonic.com\/pt-br\/wp-json\/wp\/v2\/media\/37158"}],"wp:attachment":[{"href":"https:\/\/www.lgsonic.com\/pt-br\/wp-json\/wp\/v2\/media?parent=37154"}],"curies":[{"name":"wp","href":"https:\/\/api.w.org\/{rel}","templated":true}]}}